{"id":1614,"date":"2018-05-08T10:54:16","date_gmt":"2018-05-08T08:54:16","guid":{"rendered":"https:\/\/old.mnw.org.pl\/?page_id=1614"},"modified":"2023-04-12T12:12:07","modified_gmt":"2023-04-12T10:12:07","slug":"cele-i-wartosci","status":"publish","type":"page","link":"https:\/\/old.mnw.org.pl\/wp\/o-nas\/cele-i-wartosci\/","title":{"rendered":"Cele i warto\u015bci"},"content":{"rendered":"<h2>Nasze warto\u015bci<\/h2>\n<p><strong>R\u00f3wno\u015b\u0107.\u00a0<\/strong>Kierujemy si\u0119 zasad\u0105 r\u00f3wnego traktowania. Dotyczy to zar\u00f3wno g\u0142\u00f3wnego celu Stowarzyszenia &#8211; wprowadzenia r\u00f3wno\u015bci ma\u0142\u017ce\u0144skiej w Polsce &#8211; jak i relacji wewn\u0119trznych mi\u0119dzy osobami cz\u0142onkowskimi.<\/p>\n<p><strong>Jako\u015b\u0107.\u00a0<\/strong>Dzia\u0142amy w spos\u00f3b przemy\u015blany i profesjonalny. Realizujemy pomys\u0142y i plany w najlepszy mo\u017cliwy spos\u00f3b.<\/p>\n<p><strong>Frajda.\u00a0<\/strong>Czerpiemy satysfakcj\u0119 z dzia\u0142ania i \u015bwi\u0119tujemy sukcesy. Robimy to, co daje nam rado\u015b\u0107 i utrzymuje zaanga\u017cowanie.<\/p>\n<p><strong>Szacunek.\u00a0<\/strong>Szanujemy osoby cz\u0142onkowskie i wolontariackie Stowarzyszenia, a tak\u017ce aktywist\u00f3w i aktywistki z innych organizacji oraz ca\u0142\u0105 spo\u0142eczno\u015b\u0107 LGBT+.<\/p>\n<p><strong>Partnerstwo.\u00a0<\/strong>Wsp\u00f3\u0142pracujemy\u00a0ze wszystkimi ch\u0119tnymi osobami i podmiotami na zasadach tw\u00f3rczej wymiany i wzajemnego wsparcia.<\/p>\n<h2>Nasze cele<\/h2>\n<ul>\n<li>Wprowadzenie do polskiego prawa zapis\u00f3w o r\u00f3wno\u015bci ma\u0142\u017ce\u0144skiej, czyli prawie do zawarcia ma\u0142\u017ce\u0144stwa przez dwie osoby, niezale\u017cnie od ich orientacji psychoseksualnej czy identyfikacji p\u0142ciowej.<\/li>\n<li>Edukacja spo\u0142eczna na temat idei r\u00f3wno\u015bci ma\u0142\u017ce\u0144skiej oraz r\u00f3wnego traktowania os\u00f3b LGBT+ w polskim spo\u0142ecze\u0144stwie.<\/li>\n<li>Wspieranie i wzmacnianie spo\u0142eczno\u015bci LGBT+ w Polsce.<\/li>\n<li>Budowanie spo\u0142eczno\u015bci sojusznik\u00f3w r\u00f3wno\u015bci zrzeszaj\u0105cej osoby publiczne, organizacje pozarz\u0105dowe i ugrupowania polityczne.<\/li>\n<li>Prowadzenie dzia\u0142a\u0144 w ca\u0142ym kraju, dzi\u0119ki wsp\u00f3\u0142pracy ze wszystkimi organizacjami LGBT+ w Polsce oraz wspieraniu inicjatyw lokalnych.<\/li>\n<li>Prowadzenie monitoringu i rzecznictwa politycznego oraz anga\u017cowanie spo\u0142eczno\u015bci LGBT+ jako \u015bwiadomego, aktywnego elektoratu.<\/li>\n<li>Monitorowanie orzecznictwa krajowego i europejskiego dotycz\u0105cego os\u00f3b LGBT+ ze szczeg\u00f3lnym naciskiem na sytuacj\u0119 par os\u00f3b tej samej p\u0142ci.<\/li>\n<li>Gromadzenie wiedzy i do\u015bwiadcze\u0144 oraz tworzenie narz\u0119dzi prawnych, przygotowuj\u0105cych wprowadzenie r\u00f3wno\u015bci ma\u0142\u017ce\u0144skiej do polskiego prawa.<\/li>\n<\/ul>\n","protected":false},"excerpt":{"rendered":"<p>Nasze warto\u015bci R\u00f3wno\u015b\u0107.\u00a0Kierujemy si\u0119 zasad\u0105 r\u00f3wnego traktowania. Dotyczy to zar\u00f3wno g\u0142\u00f3wnego celu Stowarzyszenia &#8211; wprowadzenia r\u00f3wno\u015bci ma\u0142\u017ce\u0144skiej w Polsce &#8211; jak i relacji wewn\u0119trznych mi\u0119dzy osobami cz\u0142onkowskimi. Jako\u015b\u0107.\u00a0Dzia\u0142amy w spos\u00f3b przemy\u015blany i profesjonalny. Realizujemy pomys\u0142y i plany w najlepszy mo\u017cliwy spos\u00f3b. Frajda.\u00a0Czerpiemy satysfakcj\u0119 z dzia\u0142ania i \u015bwi\u0119tujemy sukcesy. Robimy to, co daje nam rado\u015b\u0107 i [&hellip;]<\/p>\n","protected":false},"author":1,"featured_media":0,"parent":6,"menu_order":0,"comment_status":"closed","ping_status":"closed","template":"","meta":{"footnotes":""},"_links":{"self":[{"href":"https:\/\/old.mnw.org.pl\/wp\/wp-json\/wp\/v2\/pages\/1614"}],"collection":[{"href":"https:\/\/old.mnw.org.pl\/wp\/wp-json\/wp\/v2\/pages"}],"about":[{"href":"https:\/\/old.mnw.org.pl\/wp\/wp-json\/wp\/v2\/types\/page"}],"author":[{"embeddable":true,"href":"https:\/\/old.mnw.org.pl\/wp\/wp-json\/wp\/v2\/users\/1"}],"replies":[{"embeddable":true,"href":"https:\/\/old.mnw.org.pl\/wp\/wp-json\/wp\/v2\/comments?post=1614"}],"version-history":[{"count":12,"href":"https:\/\/old.mnw.org.pl\/wp\/wp-json\/wp\/v2\/pages\/1614\/revisions"}],"predecessor-version":[{"id":6927,"href":"https:\/\/old.mnw.org.pl\/wp\/wp-json\/wp\/v2\/pages\/1614\/revisions\/6927"}],"up":[{"embeddable":true,"href":"https:\/\/old.mnw.org.pl\/wp\/wp-json\/wp\/v2\/pages\/6"}],"wp:attachment":[{"href":"https:\/\/old.mnw.org.pl\/wp\/wp-json\/wp\/v2\/media?parent=1614"}],"curies":[{"name":"wp","href":"https:\/\/api.w.org\/{rel}","templated":true}]}}